{"id":18,"date":"2018-01-26T08:53:18","date_gmt":"2018-01-26T08:53:18","guid":{"rendered":"http:\/\/2020.innsbruckinternational.com\/?page_id=18"},"modified":"2026-04-16T09:47:07","modified_gmt":"2026-04-16T09:47:07","slug":"about","status":"publish","type":"page","link":"https:\/\/2026.innsbruckinternational.com\/de\/about\/","title":{"rendered":"About"},"content":{"rendered":"<p>[vc_row][vc_column width=&#8220;1\/2&#8243;][vc_column_text]<\/p>\n<h1>About<\/h1>\n<p>Die Biennale INNSBRUCK INTERNATIONAL versteht sich 2026 mit RENDEZ-VOUS als kollektive Versammlung in einer Zeit politischer, sozialer und \u00f6kologischer Umbr\u00fcche. \u00dcber zehn Tage hinweg entfaltet sich ein Geflecht aus Performances, Konzerten, Installationen, Workshops, Gespr\u00e4chen und Interventionen, getragen von K\u00fcnstler:innen und Publikum gleicherma\u00dfen.<\/p>\n<p>Im Zentrum steht dabei der Innsbrucker Marktplatz als Ort der Begegnung, Aushandlung und performativen Erfahrung. Die Biennale l\u00e4dt dazu ein, individuelle Handlungsspielr\u00e4ume, Verantwortung und Formen des Zusammenlebens neu zu denken.<\/p>\n<p>Vorherige Ausgaben:<br \/>\n<a href=\"https:\/\/2024.innsbruckinternational.com\/de\/\">Innsbruck International 2024<\/a><br \/>\n<a href=\"https:\/\/2022.innsbruckinternational.com\/de\/\">Innsbruck International 2022<\/a><br \/>\n<a href=\"http:\/\/2020.innsbruckinternational.com\" target=\"_blank\" rel=\"noopener\">Innsbruck International 2020<\/a><br \/>\n<a href=\"http:\/\/2018.innsbruckinternational.com\" target=\"_blank\" rel=\"noopener\">Innsbruck International 2018<\/a><br \/>\n<a href=\"http:\/\/2016.innsbruckinternational.com\" target=\"_blank\" rel=\"noopener\">Innsbruck International 2016<\/a><br \/>\n<a href=\"http:\/\/2013.innsbruckinternational.com\" target=\"_blank\" rel=\"noopener\">Innsbruck International 2013<\/a><\/p>\n<p>&nbsp;<\/p>\n<hr \/>\n<p>[\/vc_column_text][\/vc_column][vc_column width=&#8220;1\/2&#8243;][vc_column_text]<\/p>\n<h1>Team<\/h1>\n<p>Leitung &gt;&gt; Tereza Kotyk<br \/>\nProduktion, Ausf\u00fchrende Kuratorin &gt;&gt; Franziska Heubacher<br \/>\nKurator &gt;&gt; Chris Clarke<br \/>\nProduktionsassistenz, Team Supervisor, \u00d6ffentlichkeitsarbeit &gt;&gt; Mara Birnegger<br \/>\nTechnische Leitung &gt;&gt; Tobias Wei\u00dfbacher, Otto Wulz<br \/>\nSoundtechniker &gt;&gt; David M\u00f6ssmer<br \/>\nFotos &gt;&gt; Dino Bossnini<br \/>\nAusstellungsfotografie &gt;&gt; WEST.Fotostudio<br \/>\n\u00dcbersetzungen &gt;&gt; Suzanne Enser-Ryan<br \/>\nBiennale-Crew &gt;&gt; Gina Disobey, Marlies Thianich-Winkler, Francesco Munaro, Jutta Birnegger, Leonie Franzmann, Jakob Fl\u00f6\u00dfer<\/p>\n<p>Design &gt;&gt; Studio Mut, Martin Kerschbaumer, Thomas Kronbichler, Anni Seligmann, <a href=\"http:\/\/studiomut.com\">studiomut.com<\/a><br \/>\nDevelopment &gt;&gt; Ernesto Bellei, <a href=\"https:\/\/hund.studio\">hund.studio<\/a>[\/vc_column_text][vc_column_text]<\/p>\n<hr \/>\n<h1>RECOMMENDED FESTIVALS &amp; EVENTS<\/h1>\n<p>KLIMA BIENNALE WIEN \/ 09.04. \u2013 10.05.2026 \/ <a href=\"https:\/\/www.biennale.wien\/\">biennale.wien<\/a><\/p>\n<p>GALLERY WEEK_END Tirol \/ 22. \u2013 25.04.2026 \/ <a href=\"https:\/\/gallery-weekend-tirol.com\/\">gallery-weekend-tirol.com<\/a><\/p>\n<p>YUKUMAY \/ 30.04. &#8211; 31.05.2026 \/ <a href=\"https:\/\/www.jungeskulturmonat.at\/\">jungeskulturmonat.at<\/a><\/p>\n<p>LISTENING CLOSELY \/ 01. &#8211; 10.05.2026 \/ <a href=\"http:\/\/www.listeningclosely.eu\">listeningclosely.eu<\/a><\/p>\n<p>DONAUFESTIVAL \/ 01. &#8211; 03.05. u. 08. &#8211; 10.05.2026 \/ <a href=\"https:\/\/www.donaufestival.at\/de\/\">donaufestival.at<\/a><\/p>\n<p>JOURNALISMUSFEST INNSBRUCK \/ 08. \u2013 10.05.2026 \/ <a href=\"https:\/\/www.journalismusfest.org\/\">journalismusfest.org<\/a><\/p>\n<p>BIENNALE VENEDIG: IN MINOR KEYS \/ 09.05. &#8211; 22.11.2026 \/ <a href=\"http:\/\/labiennale.org\">labiennale.org<\/a><\/p>\n<p>BOGENFEST \/ 30.05.2026 \/ <a href=\"https:\/\/www.innsbruckmarketing.at\/events\/bogenfest-1\">innsbruckmarketing.at<\/a><\/p>\n<p>BIENNALE GHERD\u00cbINA 10: (FUTURE) PARADISE GARDENS <i>\/ <\/i>31.05. \u2013 13.09.2026 \/ <a href=\"http:\/\/www.biennalegherdeina.org\/\">biennalegherdeina.org<\/a><\/p>\n<p>INTERNATIONAL FILM FESTIVAL INNSBRUCK \/ 02. &#8211; 07.06.2026 \/ <a href=\"https:\/\/iffi.at\/\">iffi.at<\/a>[\/vc_column_text][\/vc_column][\/vc_row][vc_row el_id=&#8220;tickets&#8220;][vc_column width=&#8220;1\/2&#8243;][vc_column_text]<\/p>\n<h1>Tickets<\/h1>\n<p>[\/vc_column_text][vc_column_text]<\/p>\n<p class=\"p1\"><span class=\"s1\">INFORMATION, RESERVIERUNG UND VORVERKAUF<br \/>\n<\/span><a href=\"mailto:info@innsbruckinternational.com\">info@innsbruckinternational.com<\/a><br \/>\n+43 (0) 677 627 567 80<br \/>\n(MO-FR 10-18h)<\/p>\n<p><span class=\"s1\">ONLINE: <strong><a href=\"https:\/\/kupfticket.com\/shops\/innsbruck-international-biennial-of-the-arts\" target=\"_blank\" rel=\"noopener\">HIER KAUFEN<\/a><\/strong><\/span><\/p>\n<p>Ab 25.04.2026 (<span class=\"s1\">MO-SO 11-18h)<\/span> im INNSBRUCK INTERNATIONAL Office am Marktplatz<span class=\"s1\">\u00a0<\/span><span class=\"s1\">Innsbruck<\/span><\/p>\n<p>Sowie an der Abendkassa[\/vc_column_text][\/vc_column][vc_column width=&#8220;1\/2&#8243;][vc_column_text]<\/p>\n<p align=\"left\">25.04.2026, 17h<br \/>\nPerformance: <strong>Christian Falsnaes<\/strong> <em>Collaboration<\/em> -&gt; Altstadt beim Goldenen Dachl<br \/>\nFreier Eintritt, Anmeldung unter <a href=\"mailto:info@innsbruckinternational.com\">info@innsbruckinternational.com<\/a><\/p>\n<p>25.04.2026, 20h<br \/>\nConcert: <strong>Fennesz<\/strong> <em>Mosaic<\/em> -&gt; Citykirche<br \/>\n25 \u20ac \/ 20 \u20ac<\/p>\n<p>26.04.2026, 11h<br \/>\nFilm Screening &amp; Artist Talk: <strong>Wendelien van Oldenborgh<\/strong> -&gt; Leokino<br \/>\n11 \u20ac \/ 9 \u20ac<\/p>\n<p>26.04. &amp; 28.04.2026, 15h<br \/>\nPerformance \/ Bus Tour: <b>L\u00e9ann Herlihy<\/b>\u00a0<em>Beyond Survival School Bus<br \/>\n<\/em>20 \u20ac \/ 15 \u20ac<\/p>\n<p>27.04.2026, 18h<br \/>\nFilm Screening &amp; Artist Talk:<strong> Clemens von Wedemeyer<\/strong> -&gt; Leokino<br \/>\n11 \u20ac \/ 9 \u20ac<\/p>\n<p>28.04.2026, 18h<br \/>\nFilm Screening &amp; Artist Talk: <strong>Oliver Ressler<\/strong> -&gt; Leokino<br \/>\n11 \u20ac \/ 9 \u20ac<\/p>\n<p>29.04.2026, 18h &amp; 21h<br \/>\nWalking Concert: <strong>Felix Kramer<\/strong> -&gt; Treffpunkt: Marktplatz<br \/>\n20 \u20ac \/ 15 \u20ac<\/p>\n<p>30.04.2026, 18h &amp; 21h<br \/>\nWalking Concert: <strong>Cousines Like Shit<\/strong> -&gt; Treffpunkt: Marktplatz<br \/>\n20 \u20ac \/ 15 \u20ac<\/p>\n<p>01.05.2026 Performance- &amp; Dance-Workshops<br \/>\n10-12h<b> Isaac Chong Wai<\/b><b><br \/>\n<\/b>14-16h <b>Farah Deen &amp; Olivia Mitterhuemer<\/b><b><br \/>\n-&gt; <\/b>Musikpavillon, Hofgarten Innsbruck<br \/>\nFreier Eintritt, Anmeldung unter <a href=\"mailto:info@innsbruckinternational.com\">info@innsbruckinternational.com<\/a><\/p>\n<p>01.05.2026, 19h<br \/>\nMALINA von Ingeborg Bachmann \/ Reading &amp; Live-Electronics Performance mit Juliane Werner, Lens K\u00fchleitner -&gt; Marktplatz<br \/>\nFreier Eintritt, Sitzplatzreservierung unter <a href=\"mailto:info@innsbruckinternational.com\">info@innsbruckinternational.com<\/a><\/p>\n<hr \/>\n<p class=\"p1\"><span class=\"s1\">Erm\u00e4\u00dfigung f\u00fcr \u00d61 Club-Mitglieder, \u00d61 intro-Mitglieder und Studierende. <\/span>Partnerin von Hunger auf Kunst und Kultur<\/p>\n<p class=\"p1\"><span class=\"s1\">\u00a0<\/span><\/p>\n<p>[\/vc_column_text][vc_column_text]Sponsor:innen &amp; Partner:innen<\/p>\n<p><img loading=\"lazy\" decoding=\"async\" class=\"alignnone size-full wp-image-1932\" src=\"https:\/\/2026.innsbruckinternational.com\/wp-content\/uploads\/2026\/04\/II_2026_Web_Logos_Hochformat_red.png\" alt=\"\" width=\"1080\" height=\"1200\" srcset=\"https:\/\/2026.innsbruckinternational.com\/wp-content\/uploads\/2026\/04\/II_2026_Web_Logos_Hochformat_red.png 1080w, https:\/\/2026.innsbruckinternational.com\/wp-content\/uploads\/2026\/04\/II_2026_Web_Logos_Hochformat_red-270x300.png 270w, https:\/\/2026.innsbruckinternational.com\/wp-content\/uploads\/2026\/04\/II_2026_Web_Logos_Hochformat_red-922x1024.png 922w, https:\/\/2026.innsbruckinternational.com\/wp-content\/uploads\/2026\/04\/II_2026_Web_Logos_Hochformat_red-768x853.png 768w\" sizes=\"(max-width: 1080px) 100vw, 1080px\" \/>[\/vc_column_text][\/vc_column][\/vc_row]<\/p>","protected":false},"excerpt":{"rendered":"<p>[vc_row][vc_column width=&#8220;1\/2&#8243;][vc_column_text] About Die Biennale INNSBRUCK INTERNATIONAL versteht sich 2026 mit RENDEZ-VOUS als kollektive Versammlung in einer Zeit politischer, sozialer und \u00f6kologischer Umbr\u00fcche. \u00dcber zehn Tage hinweg entfaltet sich ein Geflecht aus Performances, Konzerten, Installationen, Workshops, Gespr\u00e4chen und Interventionen, getragen von K\u00fcnstler:innen und Publikum gleicherma\u00dfen. Im Zentrum steht dabei der Innsbrucker Marktplatz als Ort der [&hellip;]<\/p>\n","protected":false},"author":1,"featured_media":0,"parent":0,"menu_order":5,"comment_status":"closed","ping_status":"closed","template":"","meta":{"inline_featured_image":false,"footnotes":""},"acf":[],"yoast_head":"<!-- This site is optimized with the Yoast SEO plugin v23.5 - https:\/\/yoast.com\/wordpress\/plugins\/seo\/ -->\n<title>About - Innsbruck International: Biennial of the Arts.<\/title>\n<meta name=\"description\" content=\"Innsbruck International is a contemporary biennial of the arts that invites international artists to make use of Innsbruck\u2019s extraordinary venues in the presentation of their works of visual art, film, and sound as well as performances. In 2018, the biennial will be informed by the theme of \u201cAgents of Social Change\u201d.\" \/>\n<meta name=\"robots\" content=\"index, follow, max-snippet:-1, max-image-preview:large, max-video-preview:-1\" \/>\n<link rel=\"canonical\" href=\"https:\/\/2026.innsbruckinternational.com\/de\/about\/\" \/>\n<meta property=\"og:locale\" content=\"de_DE\" \/>\n<meta property=\"og:type\" content=\"article\" \/>\n<meta property=\"og:title\" content=\"About - Innsbruck International: Biennial of the Arts.\" \/>\n<meta property=\"og:description\" content=\"Innsbruck International is a contemporary biennial of the arts that invites international artists to make use of Innsbruck\u2019s extraordinary venues in the presentation of their works of visual art, film, and sound as well as performances. In 2018, the biennial will be informed by the theme of \u201cAgents of Social Change\u201d.\" \/>\n<meta property=\"og:url\" content=\"https:\/\/2026.innsbruckinternational.com\/de\/about\/\" \/>\n<meta property=\"og:site_name\" content=\"Innsbruck International 2026\" \/>\n<meta property=\"article:publisher\" content=\"https:\/\/www.facebook.com\/InnsbruckInternational\/\" \/>\n<meta property=\"article:modified_time\" content=\"2026-04-16T09:47:07+00:00\" \/>\n<meta property=\"og:image\" content=\"https:\/\/2026.innsbruckinternational.com\/wp-content\/uploads\/2026\/04\/II_2026_Web_Logos_Hochformat_red.png\" \/>\n<meta name=\"twitter:card\" content=\"summary_large_image\" \/>\n<meta name=\"twitter:label1\" content=\"Gesch\u00e4tzte Lesezeit\" \/>\n\t<meta name=\"twitter:data1\" content=\"3\u00a0Minuten\" \/>\n<script type=\"application\/ld+json\" class=\"yoast-schema-graph\">{\"@context\":\"https:\/\/schema.org\",\"@graph\":[{\"@type\":\"WebPage\",\"@id\":\"https:\/\/2026.innsbruckinternational.com\/de\/about\/\",\"url\":\"https:\/\/2026.innsbruckinternational.com\/de\/about\/\",\"name\":\"About - Innsbruck International: Biennial of the Arts.\",\"isPartOf\":{\"@id\":\"https:\/\/2026.innsbruckinternational.com\/de\/#website\"},\"primaryImageOfPage\":{\"@id\":\"https:\/\/2026.innsbruckinternational.com\/de\/about\/#primaryimage\"},\"image\":{\"@id\":\"https:\/\/2026.innsbruckinternational.com\/about\/#primaryimage\"},\"thumbnailUrl\":\"https:\/\/2026.innsbruckinternational.com\/wp-content\/uploads\/2026\/04\/II_2026_Web_Logos_Hochformat_red.png\",\"datePublished\":\"2018-01-26T08:53:18+00:00\",\"dateModified\":\"2026-04-16T09:47:07+00:00\",\"description\":\"Innsbruck International is a contemporary biennial of the arts that invites international artists to make use of Innsbruck\u2019s extraordinary venues in the presentation of their works of visual art, film, and sound as well as performances. In 2018, the biennial will be informed by the theme of \u201cAgents of Social Change\u201d.\",\"breadcrumb\":{\"@id\":\"https:\/\/2026.innsbruckinternational.com\/de\/about\/#breadcrumb\"},\"inLanguage\":\"de\",\"potentialAction\":[{\"@type\":\"ReadAction\",\"target\":[[\"https:\/\/2026.innsbruckinternational.com\/de\/about\/\"]]}]},{\"@type\":\"ImageObject\",\"inLanguage\":\"de\",\"@id\":\"https:\/\/2026.innsbruckinternational.com\/de\/about\/#primaryimage\",\"url\":\"https:\/\/2026.innsbruckinternational.com\/wp-content\/uploads\/2026\/04\/II_2026_Web_Logos_Hochformat_red.png\",\"contentUrl\":\"https:\/\/2026.innsbruckinternational.com\/wp-content\/uploads\/2026\/04\/II_2026_Web_Logos_Hochformat_red.png\"},{\"@type\":\"BreadcrumbList\",\"@id\":\"https:\/\/2026.innsbruckinternational.com\/de\/about\/#breadcrumb\",\"itemListElement\":[{\"@type\":\"ListItem\",\"position\":1,\"name\":\"Home\",\"item\":\"https:\/\/2026.innsbruckinternational.com\/de\/\"},{\"@type\":\"ListItem\",\"position\":2,\"name\":\"About\"}]},{\"@type\":\"WebSite\",\"@id\":\"https:\/\/2026.innsbruckinternational.com\/de\/#website\",\"url\":\"https:\/\/2026.innsbruckinternational.com\/de\/\",\"name\":\"Innsbruck International 2026\",\"description\":\"Rendez-Vous\",\"publisher\":{\"@id\":\"https:\/\/2026.innsbruckinternational.com\/de\/#organization\"},\"alternateName\":\"Innsbruck International\",\"potentialAction\":[{\"@type\":\"SearchAction\",\"target\":{\"@type\":\"EntryPoint\",\"urlTemplate\":\"https:\/\/2026.innsbruckinternational.com\/de\/?s={search_term_string}\"},\"query-input\":{\"@type\":\"PropertyValueSpecification\",\"valueRequired\":true,\"valueName\":\"search_term_string\"}}],\"inLanguage\":\"de\"},{\"@type\":\"Organization\",\"@id\":\"https:\/\/2026.innsbruckinternational.com\/de\/#organization\",\"name\":\"Innsbruck International\",\"url\":\"https:\/\/2026.innsbruckinternational.com\/de\/\",\"logo\":{\"@type\":\"ImageObject\",\"inLanguage\":\"de\",\"@id\":\"https:\/\/2026.innsbruckinternational.com\/de\/#\/schema\/logo\/image\/\",\"url\":\"https:\/\/2026.innsbruckinternational.com\/wp-content\/uploads\/2020\/02\/scontent-mxp1-1.xx_.fbcdn_.net-909623359989748.png\",\"contentUrl\":\"https:\/\/2026.innsbruckinternational.com\/wp-content\/uploads\/2020\/02\/scontent-mxp1-1.xx_.fbcdn_.net-909623359989748.png\",\"width\":1250,\"height\":1250,\"caption\":\"Innsbruck International\"},\"image\":{\"@id\":\"https:\/\/2026.innsbruckinternational.com\/de\/#\/schema\/logo\/image\/\"},\"sameAs\":[\"https:\/\/www.facebook.com\/InnsbruckInternational\/\",\"https:\/\/www.instagram.com\/innsbruckinternational\/\"]}]}<\/script>\n<!-- \/ Yoast SEO plugin. -->","yoast_head_json":{"title":"About - Innsbruck International: Biennial of the Arts.","description":"Innsbruck International is a contemporary biennial of the arts that invites international artists to make use of Innsbruck\u2019s extraordinary venues in the presentation of their works of visual art, film, and sound as well as performances. In 2018, the biennial will be informed by the theme of \u201cAgents of Social Change\u201d.","robots":{"index":"index","follow":"follow","max-snippet":"max-snippet:-1","max-image-preview":"max-image-preview:large","max-video-preview":"max-video-preview:-1"},"canonical":"https:\/\/2026.innsbruckinternational.com\/de\/about\/","og_locale":"de_DE","og_type":"article","og_title":"About - Innsbruck International: Biennial of the Arts.","og_description":"Innsbruck International is a contemporary biennial of the arts that invites international artists to make use of Innsbruck\u2019s extraordinary venues in the presentation of their works of visual art, film, and sound as well as performances. In 2018, the biennial will be informed by the theme of \u201cAgents of Social Change\u201d.","og_url":"https:\/\/2026.innsbruckinternational.com\/de\/about\/","og_site_name":"Innsbruck International 2026","article_publisher":"https:\/\/www.facebook.com\/InnsbruckInternational\/","article_modified_time":"2026-04-16T09:47:07+00:00","og_image":[{"url":"https:\/\/2026.innsbruckinternational.com\/wp-content\/uploads\/2026\/04\/II_2026_Web_Logos_Hochformat_red.png"}],"twitter_card":"summary_large_image","twitter_misc":{"Gesch\u00e4tzte Lesezeit":"3\u00a0Minuten"},"schema":{"@context":"https:\/\/schema.org","@graph":[{"@type":"WebPage","@id":"https:\/\/2026.innsbruckinternational.com\/de\/about\/","url":"https:\/\/2026.innsbruckinternational.com\/de\/about\/","name":"About - Innsbruck International: Biennial of the Arts.","isPartOf":{"@id":"https:\/\/2026.innsbruckinternational.com\/de\/#website"},"primaryImageOfPage":{"@id":"https:\/\/2026.innsbruckinternational.com\/de\/about\/#primaryimage"},"image":{"@id":"https:\/\/2026.innsbruckinternational.com\/about\/#primaryimage"},"thumbnailUrl":"https:\/\/2026.innsbruckinternational.com\/wp-content\/uploads\/2026\/04\/II_2026_Web_Logos_Hochformat_red.png","datePublished":"2018-01-26T08:53:18+00:00","dateModified":"2026-04-16T09:47:07+00:00","description":"Innsbruck International is a contemporary biennial of the arts that invites international artists to make use of Innsbruck\u2019s extraordinary venues in the presentation of their works of visual art, film, and sound as well as performances. In 2018, the biennial will be informed by the theme of \u201cAgents of Social Change\u201d.","breadcrumb":{"@id":"https:\/\/2026.innsbruckinternational.com\/de\/about\/#breadcrumb"},"inLanguage":"de","potentialAction":[{"@type":"ReadAction","target":[["https:\/\/2026.innsbruckinternational.com\/de\/about\/"]]}]},{"@type":"ImageObject","inLanguage":"de","@id":"https:\/\/2026.innsbruckinternational.com\/de\/about\/#primaryimage","url":"https:\/\/2026.innsbruckinternational.com\/wp-content\/uploads\/2026\/04\/II_2026_Web_Logos_Hochformat_red.png","contentUrl":"https:\/\/2026.innsbruckinternational.com\/wp-content\/uploads\/2026\/04\/II_2026_Web_Logos_Hochformat_red.png"},{"@type":"BreadcrumbList","@id":"https:\/\/2026.innsbruckinternational.com\/de\/about\/#breadcrumb","itemListElement":[{"@type":"ListItem","position":1,"name":"Home","item":"https:\/\/2026.innsbruckinternational.com\/de\/"},{"@type":"ListItem","position":2,"name":"About"}]},{"@type":"WebSite","@id":"https:\/\/2026.innsbruckinternational.com\/de\/#website","url":"https:\/\/2026.innsbruckinternational.com\/de\/","name":"Innsbruck International 2026","description":"Rendez-Vous","publisher":{"@id":"https:\/\/2026.innsbruckinternational.com\/de\/#organization"},"alternateName":"Innsbruck International","potentialAction":[{"@type":"SearchAction","target":{"@type":"EntryPoint","urlTemplate":"https:\/\/2026.innsbruckinternational.com\/de\/?s={search_term_string}"},"query-input":{"@type":"PropertyValueSpecification","valueRequired":true,"valueName":"search_term_string"}}],"inLanguage":"de"},{"@type":"Organization","@id":"https:\/\/2026.innsbruckinternational.com\/de\/#organization","name":"Innsbruck International","url":"https:\/\/2026.innsbruckinternational.com\/de\/","logo":{"@type":"ImageObject","inLanguage":"de","@id":"https:\/\/2026.innsbruckinternational.com\/de\/#\/schema\/logo\/image\/","url":"https:\/\/2026.innsbruckinternational.com\/wp-content\/uploads\/2020\/02\/scontent-mxp1-1.xx_.fbcdn_.net-909623359989748.png","contentUrl":"https:\/\/2026.innsbruckinternational.com\/wp-content\/uploads\/2020\/02\/scontent-mxp1-1.xx_.fbcdn_.net-909623359989748.png","width":1250,"height":1250,"caption":"Innsbruck International"},"image":{"@id":"https:\/\/2026.innsbruckinternational.com\/de\/#\/schema\/logo\/image\/"},"sameAs":["https:\/\/www.facebook.com\/InnsbruckInternational\/","https:\/\/www.instagram.com\/innsbruckinternational\/"]}]}},"_links":{"self":[{"href":"https:\/\/2026.innsbruckinternational.com\/de\/wp-json\/wp\/v2\/pages\/18"}],"collection":[{"href":"https:\/\/2026.innsbruckinternational.com\/de\/wp-json\/wp\/v2\/pages"}],"about":[{"href":"https:\/\/2026.innsbruckinternational.com\/de\/wp-json\/wp\/v2\/types\/page"}],"author":[{"embeddable":true,"href":"https:\/\/2026.innsbruckinternational.com\/de\/wp-json\/wp\/v2\/users\/1"}],"replies":[{"embeddable":true,"href":"https:\/\/2026.innsbruckinternational.com\/de\/wp-json\/wp\/v2\/comments?post=18"}],"version-history":[{"count":52,"href":"https:\/\/2026.innsbruckinternational.com\/de\/wp-json\/wp\/v2\/pages\/18\/revisions"}],"predecessor-version":[{"id":1943,"href":"https:\/\/2026.innsbruckinternational.com\/de\/wp-json\/wp\/v2\/pages\/18\/revisions\/1943"}],"wp:attachment":[{"href":"https:\/\/2026.innsbruckinternational.com\/de\/wp-json\/wp\/v2\/media?parent=18"}],"curies":[{"name":"wp","href":"https:\/\/api.w.org\/{rel}","templated":true}]}}