{"id":6,"date":"2018-01-26T08:45:47","date_gmt":"2018-01-26T08:45:47","guid":{"rendered":"http:\/\/2020.innsbruckinternational.com\/?page_id=6"},"modified":"2026-04-10T12:35:34","modified_gmt":"2026-04-10T12:35:34","slug":"home","status":"publish","type":"page","link":"https:\/\/2026.innsbruckinternational.com\/de\/","title":{"rendered":"Startseite"},"content":{"rendered":"<p>Die Biennale INNSBRUCK INTERNATIONAL versteht sich 2026 mit RENDEZ-VOUS als kollektive Versammlung in einer Zeit politischer, sozialer und \u00f6kologischer Umbr\u00fcche. \u00dcber zehn Tage hinweg entfaltet sich ein Geflecht aus Performances, Konzerten, Installationen, Workshops, Gespr\u00e4chen und Interventionen, getragen von K\u00fcnstler:innen und Publikum gleicherma\u00dfen.<\/p>\n<p>Im Zentrum steht dabei der Innsbrucker Marktplatz als Ort der Begegnung, Aushandlung und performativen Erfahrung. Die Biennale l\u00e4dt dazu ein, individuelle Handlungsspielr\u00e4ume, Verantwortung und Formen des Zusammenlebens neu zu denken.<\/p>\n<p>&nbsp;<\/p>\n<p>&nbsp;<\/p>\n<p>&nbsp;<\/p>","protected":false},"excerpt":{"rendered":"<p>Die Biennale INNSBRUCK INTERNATIONAL versteht sich 2026 mit RENDEZ-VOUS als kollektive Versammlung in einer Zeit politischer, sozialer und \u00f6kologischer Umbr\u00fcche. \u00dcber zehn Tage hinweg entfaltet sich ein Geflecht aus Performances, Konzerten, Installationen, Workshops, Gespr\u00e4chen und Interventionen, getragen von K\u00fcnstler:innen und Publikum gleicherma\u00dfen. Im Zentrum steht dabei der Innsbrucker Marktplatz als Ort der Begegnung, Aushandlung und [&hellip;]<\/p>\n","protected":false},"author":1,"featured_media":0,"parent":0,"menu_order":4,"comment_status":"closed","ping_status":"closed","template":"page_home_video.php","meta":{"inline_featured_image":false,"footnotes":""},"acf":[],"yoast_head":"<!-- This site is optimized with the Yoast SEO plugin v23.5 - https:\/\/yoast.com\/wordpress\/plugins\/seo\/ -->\n<title>Innsbruck International 2026 \u2013 RENDEZ-VOUS<\/title>\n<meta name=\"description\" content=\"INNSBRUCK INTERNATIONAL is a contemporary biennial of the arts that invites international artists to make use of Innsbruck\u2019s extraordinary historical and contemporary venues in the presentation of their works of visual art, film, and sound as well as performances and installations.\" \/>\n<meta name=\"robots\" content=\"index, follow, max-snippet:-1, max-image-preview:large, max-video-preview:-1\" \/>\n<link rel=\"canonical\" href=\"https:\/\/2026.innsbruckinternational.com\/de\/\" \/>\n<meta property=\"og:locale\" content=\"de_DE\" \/>\n<meta property=\"og:type\" content=\"article\" \/>\n<meta property=\"og:title\" content=\"Innsbruck International 2026 \u2013 RENDEZ-VOUS\" \/>\n<meta property=\"og:description\" content=\"INNSBRUCK INTERNATIONAL is a contemporary biennial of the arts that invites international artists to make use of Innsbruck\u2019s extraordinary historical and contemporary venues in the presentation of their works of visual art, film, and sound as well as performances and installations.\" \/>\n<meta property=\"og:url\" content=\"https:\/\/2026.innsbruckinternational.com\/de\/\" \/>\n<meta property=\"og:site_name\" content=\"Innsbruck International 2026\" \/>\n<meta property=\"article:publisher\" content=\"https:\/\/www.facebook.com\/InnsbruckInternational\/\" \/>\n<meta property=\"article:modified_time\" content=\"2026-04-10T12:35:34+00:00\" \/>\n<meta property=\"og:image\" content=\"https:\/\/2026.innsbruckinternational.com\/wp-content\/uploads\/2026\/02\/II_2026_Web_Header.png\" \/>\n\t<meta property=\"og:image:width\" content=\"1024\" \/>\n\t<meta property=\"og:image:height\" content=\"396\" \/>\n\t<meta property=\"og:image:type\" content=\"image\/png\" \/>\n<meta name=\"twitter:card\" content=\"summary_large_image\" \/>\n<meta name=\"twitter:label1\" content=\"Gesch\u00e4tzte Lesezeit\" \/>\n\t<meta name=\"twitter:data1\" content=\"3\u00a0Minuten\" \/>\n<script type=\"application\/ld+json\" class=\"yoast-schema-graph\">{\"@context\":\"https:\/\/schema.org\",\"@graph\":[{\"@type\":\"WebPage\",\"@id\":\"https:\/\/2026.innsbruckinternational.com\/de\/\",\"url\":\"https:\/\/2026.innsbruckinternational.com\/de\/\",\"name\":\"Innsbruck International 2026 \u2013 RENDEZ-VOUS\",\"isPartOf\":{\"@id\":\"https:\/\/2026.innsbruckinternational.com\/de\/#website\"},\"datePublished\":\"2018-01-26T08:45:47+00:00\",\"dateModified\":\"2026-04-10T12:35:34+00:00\",\"description\":\"INNSBRUCK INTERNATIONAL is a contemporary biennial of the arts that invites international artists to make use of Innsbruck\u2019s extraordinary historical and contemporary venues in the presentation of their works of visual art, film, and sound as well as performances and installations.\",\"breadcrumb\":{\"@id\":\"https:\/\/2026.innsbruckinternational.com\/de\/#breadcrumb\"},\"inLanguage\":\"de\",\"potentialAction\":[{\"@type\":\"ReadAction\",\"target\":[[\"https:\/\/2026.innsbruckinternational.com\/de\/\"]]}]},{\"@type\":\"BreadcrumbList\",\"@id\":\"https:\/\/2026.innsbruckinternational.com\/de\/#breadcrumb\",\"itemListElement\":[{\"@type\":\"ListItem\",\"position\":1,\"name\":\"Home\",\"item\":\"https:\/\/2026.innsbruckinternational.com\/de\/\"},{\"@type\":\"ListItem\",\"position\":2,\"name\":\"Home\"}]},{\"@type\":\"WebSite\",\"@id\":\"https:\/\/2026.innsbruckinternational.com\/de\/#website\",\"url\":\"https:\/\/2026.innsbruckinternational.com\/de\/\",\"name\":\"Innsbruck International 2026\",\"description\":\"Rendez-Vous\",\"publisher\":{\"@id\":\"https:\/\/2026.innsbruckinternational.com\/de\/#organization\"},\"alternateName\":\"Innsbruck International\",\"potentialAction\":[{\"@type\":\"SearchAction\",\"target\":{\"@type\":\"EntryPoint\",\"urlTemplate\":\"https:\/\/2026.innsbruckinternational.com\/de\/?s={search_term_string}\"},\"query-input\":{\"@type\":\"PropertyValueSpecification\",\"valueRequired\":true,\"valueName\":\"search_term_string\"}}],\"inLanguage\":\"de\"},{\"@type\":\"Organization\",\"@id\":\"https:\/\/2026.innsbruckinternational.com\/de\/#organization\",\"name\":\"Innsbruck International\",\"url\":\"https:\/\/2026.innsbruckinternational.com\/de\/\",\"logo\":{\"@type\":\"ImageObject\",\"inLanguage\":\"de\",\"@id\":\"https:\/\/2026.innsbruckinternational.com\/de\/#\/schema\/logo\/image\/\",\"url\":\"https:\/\/2026.innsbruckinternational.com\/wp-content\/uploads\/2020\/02\/scontent-mxp1-1.xx_.fbcdn_.net-909623359989748.png\",\"contentUrl\":\"https:\/\/2026.innsbruckinternational.com\/wp-content\/uploads\/2020\/02\/scontent-mxp1-1.xx_.fbcdn_.net-909623359989748.png\",\"width\":1250,\"height\":1250,\"caption\":\"Innsbruck International\"},\"image\":{\"@id\":\"https:\/\/2026.innsbruckinternational.com\/de\/#\/schema\/logo\/image\/\"},\"sameAs\":[\"https:\/\/www.facebook.com\/InnsbruckInternational\/\",\"https:\/\/www.instagram.com\/innsbruckinternational\/\"]}]}<\/script>\n<!-- \/ Yoast SEO plugin. -->","yoast_head_json":{"title":"Innsbruck International 2026 \u2013 RENDEZ-VOUS","description":"INNSBRUCK INTERNATIONAL is a contemporary biennial of the arts that invites international artists to make use of Innsbruck\u2019s extraordinary historical and contemporary venues in the presentation of their works of visual art, film, and sound as well as performances and installations.","robots":{"index":"index","follow":"follow","max-snippet":"max-snippet:-1","max-image-preview":"max-image-preview:large","max-video-preview":"max-video-preview:-1"},"canonical":"https:\/\/2026.innsbruckinternational.com\/de\/","og_locale":"de_DE","og_type":"article","og_title":"Innsbruck International 2026 \u2013 RENDEZ-VOUS","og_description":"INNSBRUCK INTERNATIONAL is a contemporary biennial of the arts that invites international artists to make use of Innsbruck\u2019s extraordinary historical and contemporary venues in the presentation of their works of visual art, film, and sound as well as performances and installations.","og_url":"https:\/\/2026.innsbruckinternational.com\/de\/","og_site_name":"Innsbruck International 2026","article_publisher":"https:\/\/www.facebook.com\/InnsbruckInternational\/","article_modified_time":"2026-04-10T12:35:34+00:00","og_image":[{"width":1024,"height":396,"url":"https:\/\/2026.innsbruckinternational.com\/wp-content\/uploads\/2026\/02\/II_2026_Web_Header.png","type":"image\/png"}],"twitter_card":"summary_large_image","twitter_misc":{"Gesch\u00e4tzte Lesezeit":"3\u00a0Minuten"},"schema":{"@context":"https:\/\/schema.org","@graph":[{"@type":"WebPage","@id":"https:\/\/2026.innsbruckinternational.com\/de\/","url":"https:\/\/2026.innsbruckinternational.com\/de\/","name":"Innsbruck International 2026 \u2013 RENDEZ-VOUS","isPartOf":{"@id":"https:\/\/2026.innsbruckinternational.com\/de\/#website"},"datePublished":"2018-01-26T08:45:47+00:00","dateModified":"2026-04-10T12:35:34+00:00","description":"INNSBRUCK INTERNATIONAL is a contemporary biennial of the arts that invites international artists to make use of Innsbruck\u2019s extraordinary historical and contemporary venues in the presentation of their works of visual art, film, and sound as well as performances and installations.","breadcrumb":{"@id":"https:\/\/2026.innsbruckinternational.com\/de\/#breadcrumb"},"inLanguage":"de","potentialAction":[{"@type":"ReadAction","target":[["https:\/\/2026.innsbruckinternational.com\/de\/"]]}]},{"@type":"BreadcrumbList","@id":"https:\/\/2026.innsbruckinternational.com\/de\/#breadcrumb","itemListElement":[{"@type":"ListItem","position":1,"name":"Home","item":"https:\/\/2026.innsbruckinternational.com\/de\/"},{"@type":"ListItem","position":2,"name":"Home"}]},{"@type":"WebSite","@id":"https:\/\/2026.innsbruckinternational.com\/de\/#website","url":"https:\/\/2026.innsbruckinternational.com\/de\/","name":"Innsbruck International 2026","description":"Rendez-Vous","publisher":{"@id":"https:\/\/2026.innsbruckinternational.com\/de\/#organization"},"alternateName":"Innsbruck International","potentialAction":[{"@type":"SearchAction","target":{"@type":"EntryPoint","urlTemplate":"https:\/\/2026.innsbruckinternational.com\/de\/?s={search_term_string}"},"query-input":{"@type":"PropertyValueSpecification","valueRequired":true,"valueName":"search_term_string"}}],"inLanguage":"de"},{"@type":"Organization","@id":"https:\/\/2026.innsbruckinternational.com\/de\/#organization","name":"Innsbruck International","url":"https:\/\/2026.innsbruckinternational.com\/de\/","logo":{"@type":"ImageObject","inLanguage":"de","@id":"https:\/\/2026.innsbruckinternational.com\/de\/#\/schema\/logo\/image\/","url":"https:\/\/2026.innsbruckinternational.com\/wp-content\/uploads\/2020\/02\/scontent-mxp1-1.xx_.fbcdn_.net-909623359989748.png","contentUrl":"https:\/\/2026.innsbruckinternational.com\/wp-content\/uploads\/2020\/02\/scontent-mxp1-1.xx_.fbcdn_.net-909623359989748.png","width":1250,"height":1250,"caption":"Innsbruck International"},"image":{"@id":"https:\/\/2026.innsbruckinternational.com\/de\/#\/schema\/logo\/image\/"},"sameAs":["https:\/\/www.facebook.com\/InnsbruckInternational\/","https:\/\/www.instagram.com\/innsbruckinternational\/"]}]}},"_links":{"self":[{"href":"https:\/\/2026.innsbruckinternational.com\/de\/wp-json\/wp\/v2\/pages\/6"}],"collection":[{"href":"https:\/\/2026.innsbruckinternational.com\/de\/wp-json\/wp\/v2\/pages"}],"about":[{"href":"https:\/\/2026.innsbruckinternational.com\/de\/wp-json\/wp\/v2\/types\/page"}],"author":[{"embeddable":true,"href":"https:\/\/2026.innsbruckinternational.com\/de\/wp-json\/wp\/v2\/users\/1"}],"replies":[{"embeddable":true,"href":"https:\/\/2026.innsbruckinternational.com\/de\/wp-json\/wp\/v2\/comments?post=6"}],"version-history":[{"count":24,"href":"https:\/\/2026.innsbruckinternational.com\/de\/wp-json\/wp\/v2\/pages\/6\/revisions"}],"predecessor-version":[{"id":1941,"href":"https:\/\/2026.innsbruckinternational.com\/de\/wp-json\/wp\/v2\/pages\/6\/revisions\/1941"}],"wp:attachment":[{"href":"https:\/\/2026.innsbruckinternational.com\/de\/wp-json\/wp\/v2\/media?parent=6"}],"curies":[{"name":"wp","href":"https:\/\/api.w.org\/{rel}","templated":true}]}}